{"id":3974,"date":"2024-11-15T01:50:03","date_gmt":"2024-11-15T01:50:03","guid":{"rendered":"https:\/\/hq.9ane.com\/product\/451-hqmb-ft01tr6s\/"},"modified":"2024-11-15T01:50:03","modified_gmt":"2024-11-15T01:50:03","slug":"451-hqmb-ft01tr6s","status":"publish","type":"product","link":"https:\/\/hqseal.com\/fr\/product\/451-hqmb-ft01tr6s\/","title":{"rendered":"451.HQMB-FT01(TR6S)"},"content":{"rendered":"<p ><\/p>\n<p >*Description du produit :<\/p>\n<p >Single cartridge seal with metal bellows designed in compliance with standard API 682 4th edition. <\/p>\n<p >The gaskets of the seal are static and flexibility is guaranteed by the metal bellows. <\/p>\n<p >This makes this seal especially suitable with liquids which crystallize or solidify in contact with <\/p>\n<p >the atmosphere and when the nature of the pumped liquid is not clear or defined. <\/p>\n<p >Solution \u00e9galement disponible avec des mat\u00e9riaux sp\u00e9ciaux r\u00e9sistant aux fluides chimiquement agressifs.<\/p>\n<p ><\/p>\n<p >*Caract\u00e9ristiques<br \/>\u2022 Standard solution resulting from tested designs and made in compliance with standard  API 682 <\/p>\n<p >&nbsp; &nbsp;4th edition<\/p>\n<p >\u2022 Rotary metal bellows and flange with floating bushing<br \/>- Double sens de rotation<br \/>\u2022 Uniform distribution system of multipoint injection flushing<br \/>\u2022 The bellows solution in category 2, with O-rings as secondary gaskets, is especially suitable for <\/p>\n<p >&nbsp; &nbsp;fluids which tend to crystallize in contact with the atmosphere where the possibility of an external <\/p>\n<p >&nbsp; &nbsp;wash is not guaranteed.<br \/>\u2022 Connections for flushing, washing and\/or drain of any leaks<br \/>- Possibilit\u00e9 de dimensionner la bride de l'arbre et la douille selon la demande du client<br \/>- Recommand\u00e9 pour les pompes API horizontales et verticales<\/p>\n<p >- d=20-110mm<\/p>\n<p ><\/p>\n<p ><\/p>\n<p ><\/p>\n<p ><\/p>\n<p ><\/p>","protected":false},"featured_media":3976,"parent":0,"template":"","meta":{"_acf_changed":false},"product-category":[100,91],"class_list":["post-3974","product","type-product","status-publish","has-post-thumbnail","hentry","product-category-fluiten-replacement","product-category-metal-bellow-seals"],"acf":[],"_links":{"self":[{"href":"https:\/\/hqseal.com\/fr\/wp-json\/wp\/v2\/product\/3974","targetHints":{"allow":["GET"]}}],"collection":[{"href":"https:\/\/hqseal.com\/fr\/wp-json\/wp\/v2\/product"}],"about":[{"href":"https:\/\/hqseal.com\/fr\/wp-json\/wp\/v2\/types\/product"}],"version-history":[{"count":0,"href":"https:\/\/hqseal.com\/fr\/wp-json\/wp\/v2\/product\/3974\/revisions"}],"wp:featuredmedia":[{"embeddable":true,"href":"https:\/\/hqseal.com\/fr\/wp-json\/wp\/v2\/media\/3976"}],"wp:attachment":[{"href":"https:\/\/hqseal.com\/fr\/wp-json\/wp\/v2\/media?parent=3974"}],"wp:term":[{"taxonomy":"product-category","embeddable":true,"href":"https:\/\/hqseal.com\/fr\/wp-json\/wp\/v2\/product-category?post=3974"}],"curies":[{"name":"wp","href":"https:\/\/api.w.org\/{rel}","templated":true}]}}