{"id":3977,"date":"2024-11-15T01:50:05","date_gmt":"2024-11-15T01:50:05","guid":{"rendered":"https:\/\/hq.9ane.com\/product\/452-hqmb-ft02tr6d-t\/"},"modified":"2024-11-15T01:50:05","modified_gmt":"2024-11-15T01:50:05","slug":"452-hqmb-ft02tr6d-t","status":"publish","type":"product","link":"https:\/\/hqseal.com\/fr\/product\/452-hqmb-ft02tr6d-t\/","title":{"rendered":"452.HQMB-FT02(TR6D-T)"},"content":{"rendered":"<p ><\/p>\n<p ><\/p>\n<p >*Description du produit :<\/p>\n<p ><\/p>\n<p >Dual cartridge seal in compliance with standard API 682 4th edition in face-to-back version.<br  \/>The balanced dual cartridge solution is ideal for arrangement 2 and 3 or with auxiliary<br  \/>fluid at atmospheric pressure. <\/p>\n<p >The two versions are particularly suitable for toxic or polluting fluids that crystallize when in<br  \/>contact with the atmosphere or in case of no external washing; the rotary bellows prevents <\/p>\n<p >the problem of spring and dynamic O-ring packing and tolerates axial and radial movements.<\/p>\n<p ><\/p>\n<p >*Caract\u00e9ristiques<br \/>\u2022 Standard solution resulting from tested designs and made in compliance with<br \/>standard API 682 4th edition<br \/>\u2022 Balanced dual cartridge solution suitable for arrangement 2 and 3<br \/>\u2022 Rotary metal bellows and flange with fixed bushing<br \/>- Syst\u00e8me de distribution uniforme de rin\u00e7age par injection multipoint sur le joint c\u00f4t\u00e9 produit<br \/>\u2022 The bellows solution in Category 2, with O-rings as secondary gaskets<br \/>- Dispositif de circulation efficace du liquide auxiliaire<br \/>\u2022 Connection for flushing or vent and in-out for auxiliary liquid<br \/>- Possibilit\u00e9 de dimensionner la bride de l'arbre et la douille selon la demande du client<br \/>- Recommand\u00e9 pour les pompes API horizontales et verticales<\/p>\n<p >\u2022d=20-110mm<\/p>\n<p ><\/p>\n<p ><\/p>","protected":false},"featured_media":3979,"parent":0,"template":"","meta":{"_acf_changed":false},"product-category":[100,91],"class_list":["post-3977","product","type-product","status-publish","has-post-thumbnail","hentry","product-category-fluiten-replacement","product-category-metal-bellow-seals"],"acf":[],"_links":{"self":[{"href":"https:\/\/hqseal.com\/fr\/wp-json\/wp\/v2\/product\/3977","targetHints":{"allow":["GET"]}}],"collection":[{"href":"https:\/\/hqseal.com\/fr\/wp-json\/wp\/v2\/product"}],"about":[{"href":"https:\/\/hqseal.com\/fr\/wp-json\/wp\/v2\/types\/product"}],"version-history":[{"count":0,"href":"https:\/\/hqseal.com\/fr\/wp-json\/wp\/v2\/product\/3977\/revisions"}],"wp:featuredmedia":[{"embeddable":true,"href":"https:\/\/hqseal.com\/fr\/wp-json\/wp\/v2\/media\/3979"}],"wp:attachment":[{"href":"https:\/\/hqseal.com\/fr\/wp-json\/wp\/v2\/media?parent=3977"}],"wp:term":[{"taxonomy":"product-category","embeddable":true,"href":"https:\/\/hqseal.com\/fr\/wp-json\/wp\/v2\/product-category?post=3977"}],"curies":[{"name":"wp","href":"https:\/\/api.w.org\/{rel}","templated":true}]}}