{"id":3980,"date":"2024-11-15T01:50:08","date_gmt":"2024-11-15T01:50:08","guid":{"rendered":"https:\/\/hq.9ane.com\/product\/453-hqmb-ft03trhd\/"},"modified":"2024-11-15T01:50:08","modified_gmt":"2024-11-15T01:50:08","slug":"453-hqmb-ft03trhd","status":"publish","type":"product","link":"https:\/\/hqseal.com\/fr\/product\/453-hqmb-ft03trhd\/","title":{"rendered":"453.HQMB-FT03(TRHD)"},"content":{"rendered":"<p ><\/p>\n<p ><\/p>\n<p ><\/p>\n<p >*Description du produit :<\/p>\n<p >Joint double cartouche en version face-\u00e0-face avec soufflet m\u00e9tallique con\u00e7u conform\u00e9ment \u00e0 la norme <\/p>\n<p >API 682 4\u00e8me \u00e9dition CAT 2 et 3. <\/p>\n<p >Tous les \u00e9l\u00e9ments de construction et les mat\u00e9riaux du joint sont capables de fonctionner \u00e0 des temp\u00e9ratures tr\u00e8s \u00e9lev\u00e9es. <\/p>\n<p >La double pression inverse lui permet de fonctionner avec un liquide auxiliaire pressuris\u00e9, garantissant ainsi une absence totale d'\u00e9missions de gaz \u00e0 effet de serre. <\/p>\n<p >dans l'atmosph\u00e8re ou les \u00e9missions non pressuris\u00e9es . <\/p>\n<p >Solution \u00e9galement disponible avec des mat\u00e9riaux sp\u00e9ciaux r\u00e9sistant aux fluides chimiquement agressifs.<\/p>\n<p ><\/p>\n<p >\n<p >*Caract\u00e9ristiques<br \/>- Solution standard r\u00e9sultant de conceptions test\u00e9es et r\u00e9alis\u00e9e en conformit\u00e9 avec la norme API <\/p>\n<p >&nbsp; &nbsp;682 4\u00e8me \u00e9dition<br \/>- La solution \u00e9quilibr\u00e9e \u00e0 double cartouche est id\u00e9ale pour les arrangements 2 et 3 ou avec un fluide auxiliaire. <\/p>\n<p >&nbsp; &nbsp;\u00e0 la pression atmosph\u00e9rique (tampon) ou sous pression (barri\u00e8re)<br \/>- Soufflet m\u00e9tallique rotatif<br \/>- Double sens de rotation<br \/>- Syst\u00e8me de distribution uniforme de rin\u00e7age par injection multipoint sur le joint c\u00f4t\u00e9 produit<br \/>- La solution du soufflet avec des joints secondaires en graphoil est recommand\u00e9e avec des liquides \u00e0 <\/p>\n<p >&nbsp; &nbsp;temp\u00e9rature &gt; 176 \u00b0C lorsque les \u00e9missions dans l'atmosph\u00e8re doivent \u00eatre contr\u00f4l\u00e9es ou lorsque les \u00e9missions dans l'atmosph\u00e8re doivent \u00eatre contr\u00f4l\u00e9es ou lorsque les \u00e9missions dans l'atmosph\u00e8re doivent \u00eatre contr\u00f4l\u00e9es. <\/p>\n<p >&nbsp; &nbsp;\u201cLa norme \u201dz\u00e9ro \u00e9mission\" est exig\u00e9e<br \/>- Dispositif de circulation efficace du liquide auxiliaire<br \/>- Connexions pour le rin\u00e7age ou l'\u00e9vent et IN-OUT pour le liquide auxiliaire<br \/>- Possibilit\u00e9 de dimensionner la bride de l'arbre et la douille selon la demande du client<br \/>- Recommand\u00e9 pour les pompes API horizontales et verticales <\/p>\n<p >- d=20-110mm<\/p>\n<p >\n<p ><\/p>\n<p ><\/p>","protected":false},"featured_media":3982,"parent":0,"template":"","meta":{"_acf_changed":false},"product-category":[100,91],"class_list":["post-3980","product","type-product","status-publish","has-post-thumbnail","hentry","product-category-fluiten-replacement","product-category-metal-bellow-seals"],"acf":[],"_links":{"self":[{"href":"https:\/\/hqseal.com\/fr\/wp-json\/wp\/v2\/product\/3980","targetHints":{"allow":["GET"]}}],"collection":[{"href":"https:\/\/hqseal.com\/fr\/wp-json\/wp\/v2\/product"}],"about":[{"href":"https:\/\/hqseal.com\/fr\/wp-json\/wp\/v2\/types\/product"}],"version-history":[{"count":0,"href":"https:\/\/hqseal.com\/fr\/wp-json\/wp\/v2\/product\/3980\/revisions"}],"wp:featuredmedia":[{"embeddable":true,"href":"https:\/\/hqseal.com\/fr\/wp-json\/wp\/v2\/media\/3982"}],"wp:attachment":[{"href":"https:\/\/hqseal.com\/fr\/wp-json\/wp\/v2\/media?parent=3980"}],"wp:term":[{"taxonomy":"product-category","embeddable":true,"href":"https:\/\/hqseal.com\/fr\/wp-json\/wp\/v2\/product-category?post=3980"}],"curies":[{"name":"wp","href":"https:\/\/api.w.org\/{rel}","templated":true}]}}