{"id":3986,"date":"2024-11-15T01:50:13","date_gmt":"2024-11-15T01:50:13","guid":{"rendered":"https:\/\/hq.9ane.com\/product\/455-hqmb-ft05tsma\/"},"modified":"2024-11-15T01:50:13","modified_gmt":"2024-11-15T01:50:13","slug":"455-hqmb-ft05tsma","status":"publish","type":"product","link":"https:\/\/hqseal.com\/fr\/product\/455-hqmb-ft05tsma\/","title":{"rendered":"455.HQMB-FT05(TSMA)"},"content":{"rendered":"<p ><\/p>\n<p ><\/p>\n<p >*Description du produit :<\/p>\n<p >Garniture m\u00e9canique \u00e0 soufflet m\u00e9tallique soud\u00e9 qui permet d'avoir deux garnitures secondaires de type statique.<br \/>La flexibilit\u00e9 des soufflets permet de tol\u00e9rer les d\u00e9salignements et les vibrations. <\/p>\n<p >Secondary seals are O-ring type.<\/p>\n<p >The TSMA is particularly suitable for medium-high temperature service, with products crystallizing in <\/p>\n<p >atmosphere and with highly corrosive products when featuring bellows in Hastelloy.<\/p>\n<p >TSMA is a single balanced seal, stationary seat type A, bi-directional, designed according standard UNI <\/p>\n<p >EN 12756 (ex DIN 24960).<br \/>In addition to the standard type, customized cartridge versions, complete of sleeve and flange, designed <\/p>\n<p >according API 682 and API 610 standards, are available.<\/p>\n<p ><\/p>\n<p >*Caract\u00e9ristiques<\/p>\n<ul >\n<li >\n<p >Single seal<\/p>\n<\/li>\n<li >\n<p>Bi-directionnel<\/p>\n<\/li>\n<li >\n<p>\u00c9quilibr\u00e9<\/p>\n<\/li>\n<li >\n<p>Suitable for Crystallizing Products<\/p>\n<\/li>\n<li >\n<p>R\u00e9sistant aux acides et aux bases<\/p>\n<\/li>\n<li >\n<p>Comply with UNI EN 12756<\/p>\n<\/li>\n<li >\n<p>Available also inches measures<\/p>\n<\/li>\n<li>\n<p>d=20-100mm<\/p>\n<\/li>\n<\/ul>\n<p ><\/p>\n<p ><\/p>\n<p ><\/p>\n<p ><\/p>","protected":false},"featured_media":3988,"parent":0,"template":"","meta":{"_acf_changed":false},"product-category":[100,91],"class_list":["post-3986","product","type-product","status-publish","has-post-thumbnail","hentry","product-category-fluiten-replacement","product-category-metal-bellow-seals"],"acf":[],"_links":{"self":[{"href":"https:\/\/hqseal.com\/fr\/wp-json\/wp\/v2\/product\/3986","targetHints":{"allow":["GET"]}}],"collection":[{"href":"https:\/\/hqseal.com\/fr\/wp-json\/wp\/v2\/product"}],"about":[{"href":"https:\/\/hqseal.com\/fr\/wp-json\/wp\/v2\/types\/product"}],"version-history":[{"count":0,"href":"https:\/\/hqseal.com\/fr\/wp-json\/wp\/v2\/product\/3986\/revisions"}],"wp:featuredmedia":[{"embeddable":true,"href":"https:\/\/hqseal.com\/fr\/wp-json\/wp\/v2\/media\/3988"}],"wp:attachment":[{"href":"https:\/\/hqseal.com\/fr\/wp-json\/wp\/v2\/media?parent=3986"}],"wp:term":[{"taxonomy":"product-category","embeddable":true,"href":"https:\/\/hqseal.com\/fr\/wp-json\/wp\/v2\/product-category?post=3986"}],"curies":[{"name":"wp","href":"https:\/\/api.w.org\/{rel}","templated":true}]}}