{"id":3989,"date":"2024-11-15T01:50:16","date_gmt":"2024-11-15T01:50:16","guid":{"rendered":"https:\/\/hq.9ane.com\/product\/456-hqmb-ft06tsha\/"},"modified":"2024-11-15T01:50:16","modified_gmt":"2024-11-15T01:50:16","slug":"456-hqmb-ft06tsha","status":"publish","type":"product","link":"https:\/\/hqseal.com\/fr\/product\/456-hqmb-ft06tsha\/","title":{"rendered":"456.HQMB-FT06(TSHA)"},"content":{"rendered":"<p ><\/p>\n<p ><\/p>\n<p >*Description du produit :<\/p>\n<p >Garniture m\u00e9canique \u00e0 soufflet m\u00e9tallique soud\u00e9 qui permet d'avoir deux garnitures secondaires de type statique.<\/p>\n<p >La flexibilit\u00e9 des soufflets permet de tol\u00e9rer les d\u00e9salignements et les vibrations.<\/p>\n<p >Les joints secondaires en Grafoil rendent le joint TSHA particuli\u00e8rement adapt\u00e9 aux services \u00e0 haute temp\u00e9rature (i.e. <\/p>\n<p >le p\u00e9trole diathermique et les hydrocarbures dans le processus de raffinage).<\/p>\n<p >TSHA est un joint simple \u00e9quilibr\u00e9, \u00e0 si\u00e8ge fixe de type A, bidirectionnel. En plus du type standard, <\/p>\n<p >les s\u00e9ries suivantes sont disponibles :<\/p>\n<ul >\n<li >\n<p>Dimension de l'arbre en pouces<\/p>\n<\/li>\n<li >\n<p>Sceau fixe<\/p>\n<\/li>\n<li >\n<p >Double \u00e9paisseur pour haute pression Version cartouche sur mesure, compl\u00e8te avec manchon et bride, con\u00e7ue pour une utilisation en milieu hospitalier. <\/p>\n<\/li>\n<li >\n<p >conform\u00e9ment \u00e0 la norme API 682, sont disponibles.<\/p>\n<p >\n<\/li>\n<\/ul>\n<p >*Caract\u00e9ristiques<\/p>\n<ul >\n<li >\n<p >Sceau unique<\/p>\n<\/li>\n<li >\n<p>Bi-directionnel<\/p>\n<\/li>\n<li >\n<p>\u00c9quilibr\u00e9<\/p>\n<\/li>\n<li >\n<p>R\u00e9sistant aux acides et aux bases<\/p>\n<\/li>\n<li >\n<p>R\u00e9sistant aux temp\u00e9ratures \u00e9lev\u00e9es<\/p>\n<\/li>\n<li >\n<p>Mesures en pouces disponibles<\/p>\n<\/li>\n<li >\n<p>d=25-100mm<\/p>\n<\/li>\n<\/ul>\n<p ><\/p>","protected":false},"featured_media":3991,"parent":0,"template":"","meta":{"_acf_changed":false},"product-category":[100,91],"class_list":["post-3989","product","type-product","status-publish","has-post-thumbnail","hentry","product-category-fluiten-replacement","product-category-metal-bellow-seals"],"acf":[],"_links":{"self":[{"href":"https:\/\/hqseal.com\/fr\/wp-json\/wp\/v2\/product\/3989","targetHints":{"allow":["GET"]}}],"collection":[{"href":"https:\/\/hqseal.com\/fr\/wp-json\/wp\/v2\/product"}],"about":[{"href":"https:\/\/hqseal.com\/fr\/wp-json\/wp\/v2\/types\/product"}],"version-history":[{"count":0,"href":"https:\/\/hqseal.com\/fr\/wp-json\/wp\/v2\/product\/3989\/revisions"}],"wp:featuredmedia":[{"embeddable":true,"href":"https:\/\/hqseal.com\/fr\/wp-json\/wp\/v2\/media\/3991"}],"wp:attachment":[{"href":"https:\/\/hqseal.com\/fr\/wp-json\/wp\/v2\/media?parent=3989"}],"wp:term":[{"taxonomy":"product-category","embeddable":true,"href":"https:\/\/hqseal.com\/fr\/wp-json\/wp\/v2\/product-category?post=3989"}],"curies":[{"name":"wp","href":"https:\/\/api.w.org\/{rel}","templated":true}]}}