{"id":3989,"date":"2024-11-15T01:50:16","date_gmt":"2024-11-15T01:50:16","guid":{"rendered":"https:\/\/hq.9ane.com\/product\/456-hqmb-ft06tsha\/"},"modified":"2024-11-15T01:50:16","modified_gmt":"2024-11-15T01:50:16","slug":"456-hqmb-ft06tsha","status":"publish","type":"product","link":"https:\/\/hqseal.com\/pt\/product\/456-hqmb-ft06tsha\/","title":{"rendered":"456.HQMB-FT06(TSHA)"},"content":{"rendered":"<p ><\/p>\n<p ><\/p>\n<p >*Descri\u00e7\u00e3o do produto:<\/p>\n<p >Vedante mec\u00e2nico com fole met\u00e1lico soldado que permite ter ambos os vedantes secund\u00e1rios de tipo est\u00e1tico.<\/p>\n<p >A flexibilidade do fole permite tolerar os desalinhamentos e as vibra\u00e7\u00f5es.<\/p>\n<p >As veda\u00e7\u00f5es secund\u00e1rias em Grafoil tornam a veda\u00e7\u00e3o TSHA particularmente adequada para servi\u00e7os a altas temperaturas (i.e. <\/p>\n<p >\u00f3leo diat\u00e9rmico e hidrocarbonetos no processo de refina\u00e7\u00e3o).<\/p>\n<p >A TSHA \u00e9 uma junta de estanquidade rotativa simples, de sede fixa tipo A, bidirecional. Para al\u00e9m do tipo standard, <\/p>\n<p >est\u00e3o dispon\u00edveis as seguintes s\u00e9ries:<\/p>\n<ul >\n<li >\n<p>Dimens\u00e3o do veio em polegadas<\/p>\n<\/li>\n<li >\n<p>Selo estacion\u00e1rio<\/p>\n<\/li>\n<li >\n<p >Dupla camada para alta press\u00e3o Vers\u00e3o personalizada de cartucho, completa com manga e flange, concebida para <\/p>\n<\/li>\n<li >\n<p >de acordo com a norma API 682, est\u00e3o dispon\u00edveis.<\/p>\n<p >\n<\/li>\n<\/ul>\n<p >*Carater\u00edsticas<\/p>\n<ul >\n<li >\n<p >Selo \u00fanico<\/p>\n<\/li>\n<li >\n<p>Bi-direcional<\/p>\n<\/li>\n<li >\n<p>Equilibrado<\/p>\n<\/li>\n<li >\n<p>Resistente a \u00e1cidos e bases<\/p>\n<\/li>\n<li >\n<p>Resistente a altas temperaturas<\/p>\n<\/li>\n<li >\n<p>Medidas dispon\u00edveis em polegadas<\/p>\n<\/li>\n<li >\n<p>d=25-100mm<\/p>\n<\/li>\n<\/ul>\n<p ><\/p>","protected":false},"featured_media":3991,"parent":0,"template":"","meta":{"_acf_changed":false},"product-category":[100,91],"class_list":["post-3989","product","type-product","status-publish","has-post-thumbnail","hentry","product-category-fluiten-replacement","product-category-metal-bellow-seals"],"acf":[],"_links":{"self":[{"href":"https:\/\/hqseal.com\/pt\/wp-json\/wp\/v2\/product\/3989","targetHints":{"allow":["GET"]}}],"collection":[{"href":"https:\/\/hqseal.com\/pt\/wp-json\/wp\/v2\/product"}],"about":[{"href":"https:\/\/hqseal.com\/pt\/wp-json\/wp\/v2\/types\/product"}],"version-history":[{"count":0,"href":"https:\/\/hqseal.com\/pt\/wp-json\/wp\/v2\/product\/3989\/revisions"}],"wp:featuredmedia":[{"embeddable":true,"href":"https:\/\/hqseal.com\/pt\/wp-json\/wp\/v2\/media\/3991"}],"wp:attachment":[{"href":"https:\/\/hqseal.com\/pt\/wp-json\/wp\/v2\/media?parent=3989"}],"wp:term":[{"taxonomy":"product-category","embeddable":true,"href":"https:\/\/hqseal.com\/pt\/wp-json\/wp\/v2\/product-category?post=3989"}],"curies":[{"name":"wp","href":"https:\/\/api.w.org\/{rel}","templated":true}]}}